{"id":11691,"date":"2025-02-21T09:25:18","date_gmt":"2025-02-21T09:25:18","guid":{"rendered":"https:\/\/city2.imagework.be\/gift-card-b2b\/"},"modified":"2025-06-03T14:45:52","modified_gmt":"2025-06-03T14:45:52","slug":"gift-card-b2b","status":"publish","type":"page","link":"https:\/\/city2.imagework.be\/nl\/gift-card-b2b\/","title":{"rendered":"La Gift Card City2, le cadeau parfait !"},"content":{"rendered":"<p>Trouver le cadeau id\u00e9al pour vos collaborateurs rel\u00e8ve souvent du d\u00e9fi.<\/p>\n<p>Pourquoi ne pas en choisir un qui plaira \u00e0 tout le monde ?<\/p>\n<p>La Gift Card City2 est la solution id\u00e9ale, gr\u00e2ce \u00e0 son large \u00e9ventail de magasins et de restaurants.<\/p>\n<p>Fixez le montant de la carte, entre 5\u20ac et 500\u20ac, et choisissez son design.<\/p>\n<p>&nbsp;<\/p>\n<p>&nbsp;<\/p>\n<p>&nbsp;<\/p>\n<p>&nbsp;<\/p>\n<p data-start=\"375\" data-end=\"452\" data-is-last-node=\"\" data-is-only-node=\"\">\n","protected":false},"excerpt":{"rendered":"<p>Trouver le cadeau id\u00e9al pour vos collaborateurs rel\u00e8ve souvent du d\u00e9fi. Pourquoi ne pas en choisir un qui plaira \u00e0 tout le monde ? La Gift Card City2 est la solution id\u00e9ale, gr\u00e2ce \u00e0 son large \u00e9ventail de magasins et de restaurants. Fixez le montant de la carte, entre 5\u20ac et 500\u20ac, et choisissez son [&hellip;]<\/p>\n","protected":false},"author":7,"featured_media":0,"parent":0,"menu_order":0,"comment_status":"closed","ping_status":"closed","template":"","meta":{"footnotes":""},"class_list":["post-11691","page","type-page","status-publish","hentry"],"acf":[],"yoast_head":"<!-- This site is optimized with the Yoast SEO plugin v24.8.1 - https:\/\/yoast.com\/wordpress\/plugins\/seo\/ -->\n<title>La Gift Card City2, le cadeau parfait ! - City 2 \u00e0 Bruxelles est un des centres commerciaux plus compl\u00e8ts et accessibles de la ville. Chacun s&#039;y retrouve.<\/title>\n<meta name=\"robots\" content=\"noindex, follow, max-snippet:-1, max-image-preview:large, max-video-preview:-1\" \/>\n<meta property=\"og:locale\" content=\"nl_NL\" \/>\n<meta property=\"og:type\" content=\"article\" \/>\n<meta property=\"og:title\" content=\"La Gift Card City2, le cadeau parfait ! - City 2 \u00e0 Bruxelles est un des centres commerciaux plus compl\u00e8ts et accessibles de la ville. Chacun s&#039;y retrouve.\" \/>\n<meta property=\"og:description\" content=\"Trouver le cadeau id\u00e9al pour vos collaborateurs rel\u00e8ve souvent du d\u00e9fi. Pourquoi ne pas en choisir un qui plaira \u00e0 tout le monde ? La Gift Card City2 est la solution id\u00e9ale, gr\u00e2ce \u00e0 son large \u00e9ventail de magasins et de restaurants. Fixez le montant de la carte, entre 5\u20ac et 500\u20ac, et choisissez son [&hellip;]\" \/>\n<meta property=\"og:url\" content=\"https:\/\/city2.imagework.be\/nl\/gift-card-b2b\/\" \/>\n<meta property=\"og:site_name\" content=\"City 2 \u00e0 Bruxelles est un des centres commerciaux plus compl\u00e8ts et accessibles de la ville. Chacun s&#039;y retrouve.\" \/>\n<meta property=\"article:modified_time\" content=\"2025-06-03T14:45:52+00:00\" \/>\n<meta name=\"twitter:card\" content=\"summary_large_image\" \/>\n<script type=\"application\/ld+json\" class=\"yoast-schema-graph\">{\"@context\":\"https:\/\/schema.org\",\"@graph\":[{\"@type\":\"WebPage\",\"@id\":\"https:\/\/city2.imagework.be\/nl\/gift-card-b2b\/\",\"url\":\"https:\/\/city2.imagework.be\/nl\/gift-card-b2b\/\",\"name\":\"La Gift Card City2, le cadeau parfait ! - City 2 \u00e0 Bruxelles est un des centres commerciaux plus compl\u00e8ts et accessibles de la ville. Chacun s&#039;y retrouve.\",\"isPartOf\":{\"@id\":\"https:\/\/city2.imagework.be\/#website\"},\"datePublished\":\"2025-02-21T09:25:18+00:00\",\"dateModified\":\"2025-06-03T14:45:52+00:00\",\"inLanguage\":\"nl-NL\",\"potentialAction\":[{\"@type\":\"ReadAction\",\"target\":[\"https:\/\/city2.imagework.be\/nl\/gift-card-b2b\/\"]}]},{\"@type\":\"WebSite\",\"@id\":\"https:\/\/city2.imagework.be\/#website\",\"url\":\"https:\/\/city2.imagework.be\/\",\"name\":\"City 2 \u00e0 Bruxelles est un des centres commerciaux plus compl\u00e8ts et accessibles de la ville. Chacun s&#039;y retrouve.\",\"description\":\"\",\"publisher\":{\"@id\":\"https:\/\/city2.imagework.be\/#organization\"},\"potentialAction\":[{\"@type\":\"SearchAction\",\"target\":{\"@type\":\"EntryPoint\",\"urlTemplate\":\"https:\/\/city2.imagework.be\/?s={search_term_string}\"},\"query-input\":{\"@type\":\"PropertyValueSpecification\",\"valueRequired\":true,\"valueName\":\"search_term_string\"}}],\"inLanguage\":\"nl-NL\"},{\"@type\":\"Organization\",\"@id\":\"https:\/\/city2.imagework.be\/#organization\",\"name\":\"City 2 \u00e0 Bruxelles est un des centres commerciaux plus compl\u00e8ts et accessibles de la ville. Chacun s&#039;y retrouve.\",\"url\":\"https:\/\/city2.imagework.be\/\",\"logo\":{\"@type\":\"ImageObject\",\"inLanguage\":\"nl-NL\",\"@id\":\"https:\/\/city2.imagework.be\/#\/schema\/logo\/image\/\",\"url\":\"https:\/\/city2.imagework.be\/wp-content\/uploads\/2022\/03\/logo-e1646405246787.png\",\"contentUrl\":\"https:\/\/city2.imagework.be\/wp-content\/uploads\/2022\/03\/logo-e1646405246787.png\",\"width\":154,\"height\":55,\"caption\":\"City 2 \u00e0 Bruxelles est un des centres commerciaux plus compl\u00e8ts et accessibles de la ville. Chacun s&#039;y retrouve.\"},\"image\":{\"@id\":\"https:\/\/city2.imagework.be\/#\/schema\/logo\/image\/\"}}]}<\/script>\n<!-- \/ Yoast SEO plugin. -->","yoast_head_json":{"title":"La Gift Card City2, le cadeau parfait ! - City 2 \u00e0 Bruxelles est un des centres commerciaux plus compl\u00e8ts et accessibles de la ville. Chacun s&#039;y retrouve.","robots":{"index":"noindex","follow":"follow","max-snippet":"max-snippet:-1","max-image-preview":"max-image-preview:large","max-video-preview":"max-video-preview:-1"},"og_locale":"nl_NL","og_type":"article","og_title":"La Gift Card City2, le cadeau parfait ! - City 2 \u00e0 Bruxelles est un des centres commerciaux plus compl\u00e8ts et accessibles de la ville. Chacun s&#039;y retrouve.","og_description":"Trouver le cadeau id\u00e9al pour vos collaborateurs rel\u00e8ve souvent du d\u00e9fi. Pourquoi ne pas en choisir un qui plaira \u00e0 tout le monde ? La Gift Card City2 est la solution id\u00e9ale, gr\u00e2ce \u00e0 son large \u00e9ventail de magasins et de restaurants. Fixez le montant de la carte, entre 5\u20ac et 500\u20ac, et choisissez son [&hellip;]","og_url":"https:\/\/city2.imagework.be\/nl\/gift-card-b2b\/","og_site_name":"City 2 \u00e0 Bruxelles est un des centres commerciaux plus compl\u00e8ts et accessibles de la ville. Chacun s&#039;y retrouve.","article_modified_time":"2025-06-03T14:45:52+00:00","twitter_card":"summary_large_image","schema":{"@context":"https:\/\/schema.org","@graph":[{"@type":"WebPage","@id":"https:\/\/city2.imagework.be\/nl\/gift-card-b2b\/","url":"https:\/\/city2.imagework.be\/nl\/gift-card-b2b\/","name":"La Gift Card City2, le cadeau parfait ! - City 2 \u00e0 Bruxelles est un des centres commerciaux plus compl\u00e8ts et accessibles de la ville. Chacun s&#039;y retrouve.","isPartOf":{"@id":"https:\/\/city2.imagework.be\/#website"},"datePublished":"2025-02-21T09:25:18+00:00","dateModified":"2025-06-03T14:45:52+00:00","inLanguage":"nl-NL","potentialAction":[{"@type":"ReadAction","target":["https:\/\/city2.imagework.be\/nl\/gift-card-b2b\/"]}]},{"@type":"WebSite","@id":"https:\/\/city2.imagework.be\/#website","url":"https:\/\/city2.imagework.be\/","name":"City 2 \u00e0 Bruxelles est un des centres commerciaux plus compl\u00e8ts et accessibles de la ville. Chacun s&#039;y retrouve.","description":"","publisher":{"@id":"https:\/\/city2.imagework.be\/#organization"},"potentialAction":[{"@type":"SearchAction","target":{"@type":"EntryPoint","urlTemplate":"https:\/\/city2.imagework.be\/?s={search_term_string}"},"query-input":{"@type":"PropertyValueSpecification","valueRequired":true,"valueName":"search_term_string"}}],"inLanguage":"nl-NL"},{"@type":"Organization","@id":"https:\/\/city2.imagework.be\/#organization","name":"City 2 \u00e0 Bruxelles est un des centres commerciaux plus compl\u00e8ts et accessibles de la ville. Chacun s&#039;y retrouve.","url":"https:\/\/city2.imagework.be\/","logo":{"@type":"ImageObject","inLanguage":"nl-NL","@id":"https:\/\/city2.imagework.be\/#\/schema\/logo\/image\/","url":"https:\/\/city2.imagework.be\/wp-content\/uploads\/2022\/03\/logo-e1646405246787.png","contentUrl":"https:\/\/city2.imagework.be\/wp-content\/uploads\/2022\/03\/logo-e1646405246787.png","width":154,"height":55,"caption":"City 2 \u00e0 Bruxelles est un des centres commerciaux plus compl\u00e8ts et accessibles de la ville. Chacun s&#039;y retrouve."},"image":{"@id":"https:\/\/city2.imagework.be\/#\/schema\/logo\/image\/"}}]}},"_links":{"self":[{"href":"https:\/\/city2.imagework.be\/nl\/wp-json\/wp\/v2\/pages\/11691","targetHints":{"allow":["GET"]}}],"collection":[{"href":"https:\/\/city2.imagework.be\/nl\/wp-json\/wp\/v2\/pages"}],"about":[{"href":"https:\/\/city2.imagework.be\/nl\/wp-json\/wp\/v2\/types\/page"}],"author":[{"embeddable":true,"href":"https:\/\/city2.imagework.be\/nl\/wp-json\/wp\/v2\/users\/7"}],"replies":[{"embeddable":true,"href":"https:\/\/city2.imagework.be\/nl\/wp-json\/wp\/v2\/comments?post=11691"}],"version-history":[{"count":42,"href":"https:\/\/city2.imagework.be\/nl\/wp-json\/wp\/v2\/pages\/11691\/revisions"}],"predecessor-version":[{"id":12220,"href":"https:\/\/city2.imagework.be\/nl\/wp-json\/wp\/v2\/pages\/11691\/revisions\/12220"}],"wp:attachment":[{"href":"https:\/\/city2.imagework.be\/nl\/wp-json\/wp\/v2\/media?parent=11691"}],"curies":[{"name":"wp","href":"https:\/\/api.w.org\/{rel}","templated":true}]}}